{"id":30,"date":"2026-01-21T14:54:43","date_gmt":"2026-01-21T14:54:43","guid":{"rendered":"https:\/\/relaunch.gaertnerei-pfisterer.de\/?page_id=30"},"modified":"2026-03-23T19:38:01","modified_gmt":"2026-03-23T19:38:01","slug":"hofladen","status":"publish","type":"page","link":"https:\/\/gaertnerei-pfisterer.de\/index.php\/hofladen\/","title":{"rendered":"Hofladen"},"content":{"rendered":"\n<h1 class=\"wp-block-heading\" style=\"padding-top:0;padding-right:0;padding-bottom:0;padding-left:0\">Hofladen<\/h1>\n\n\n\n<hr class=\"wp-block-separator has-text-color has-ast-global-color-3-color has-alpha-channel-opacity has-ast-global-color-3-background-color has-background is-style-wide\"\/>\n\n\n\n<div class=\"wp-block-columns alignwide is-layout-flex wp-container-core-columns-is-layout-8780eae4 wp-block-columns-is-layout-flex\" style=\"padding-top:0;padding-right:var(--wp--preset--spacing--20);padding-bottom:0;padding-left:var(--wp--preset--spacing--20)\">\n<div class=\"wp-block-column is-layout-flow wp-container-core-column-is-layout-7c6f89b2 wp-block-column-is-layout-flow\" style=\"padding-right:var(--wp--preset--spacing--20);padding-left:var(--wp--preset--spacing--20)\">\n<div class=\"alignnormal\"><div id=\"metaslider-id-230\" style=\"width: 100%;\" class=\"ml-slider-3-108-0 metaslider metaslider-flex metaslider-230 ml-slider has-dots-nav ms-theme-default-base\" role=\"region\" aria-label=\"Hofladen\" data-height=\"650\" data-width=\"800\">\n    <div id=\"metaslider_container_230\">\n        <div id=\"metaslider_230\">\n            <ul aria-live='off' class='slides'>\n                <li style=\"display: block; width: 100%;\" class=\"slide-234 ms-image \" aria-roledescription=\"slide\" data-date=\"2026-02-03 16:14:06\" data-filename=\"20240503_102645-scaled-800x650.jpg\" data-slide-type=\"image\"><img loading=\"lazy\" decoding=\"async\" src=\"https:\/\/gaertnerei-pfisterer.de\/wp-content\/uploads\/2026\/02\/20240503_102645-scaled-800x650.jpg\" height=\"650\" width=\"800\" alt=\"\" class=\"slider-230 slide-234 msDefaultImage\" title=\"20240503_102645\" \/><\/li>\n                <li style=\"display: none; width: 100%;\" class=\"slide-231 ms-image \" aria-roledescription=\"slide\" data-date=\"2026-02-03 16:13:47\" data-filename=\"20240503_102428-scaled-800x650.jpg\" data-slide-type=\"image\"><img loading=\"lazy\" decoding=\"async\" src=\"https:\/\/gaertnerei-pfisterer.de\/wp-content\/uploads\/2026\/02\/20240503_102428-scaled-800x650.jpg\" height=\"650\" width=\"800\" alt=\"\" class=\"slider-230 slide-231 msDefaultImage\" title=\"20240503_102428\" \/><\/li>\n                <li style=\"display: none; width: 100%;\" class=\"slide-232 ms-image \" aria-roledescription=\"slide\" data-date=\"2026-02-03 16:13:55\" data-filename=\"20240503_102443-scaled-800x650.jpg\" data-slide-type=\"image\"><img loading=\"lazy\" decoding=\"async\" src=\"https:\/\/gaertnerei-pfisterer.de\/wp-content\/uploads\/2026\/02\/20240503_102443-scaled-800x650.jpg\" height=\"650\" width=\"800\" alt=\"\" class=\"slider-230 slide-232 msDefaultImage\" title=\"20240503_102443\" \/><\/li>\n                <li style=\"display: none; width: 100%;\" class=\"slide-233 ms-image \" aria-roledescription=\"slide\" data-date=\"2026-02-03 16:14:01\" data-filename=\"20240503_102449-scaled-800x650.jpg\" data-slide-type=\"image\"><img loading=\"lazy\" decoding=\"async\" src=\"https:\/\/gaertnerei-pfisterer.de\/wp-content\/uploads\/2026\/02\/20240503_102449-scaled-800x650.jpg\" height=\"650\" width=\"800\" alt=\"\" class=\"slider-230 slide-233 msDefaultImage\" title=\"20240503_102449\" \/><\/li>\n                <li style=\"display: none; width: 100%;\" class=\"slide-332 ms-image \" aria-roledescription=\"slide\" data-date=\"2026-02-04 14:25:53\" data-filename=\"20240624_171256-scaled-800x650.jpg\" data-slide-type=\"image\"><img loading=\"lazy\" decoding=\"async\" src=\"https:\/\/gaertnerei-pfisterer.de\/wp-content\/uploads\/2026\/02\/20240624_171256-scaled-800x650.jpg\" height=\"650\" width=\"800\" alt=\"\" class=\"slider-230 slide-332 msDefaultImage\" title=\"20240624_171256\" \/><\/li>\n            <\/ul>\n        <\/div>\n        \n    <\/div>\n<\/div><\/div>\n<\/div>\n\n\n\n<div class=\"wp-block-column is-layout-flow wp-container-core-column-is-layout-d021f894 wp-block-column-is-layout-flow\" style=\"border-style:none;border-width:0px;padding-right:var(--wp--preset--spacing--20);padding-left:var(--wp--preset--spacing--20)\">\n<p class=\"has-medium-font-size\">Unser Hofladen ist Ihr Frischeversorger vor Ort. Mit dem Blick auf Regionalit\u00e4t und Nachhaltigkeit w\u00e4hlen wir unsere Produkte sorgf\u00e4ltig f\u00fcr Sie aus.<\/p>\n\n\n\n<p class=\"has-medium-font-size\">Das ganze Jahr \u00fcber bieten wir Ihnen ein vielf\u00e4ltiges Sortiment an frischem Obst und Gem\u00fcse, sowie Fruchtaufstrichen, Essigen und \u00d6len, Nudeln, Eiern und weiteren regionalen Spezialit\u00e4ten, die den Einkauf direkt vom Erzeuger besonders machen.<\/p>\n\n\n\n<p class=\"has-medium-font-size\">Gerne stellen wir Ihnen aus unserem Angebot auch individuelle Pr\u00e4sentk\u00f6rbe zusammen.<\/p>\n\n\n\n<div style=\"height:25px\" aria-hidden=\"true\" class=\"wp-block-spacer\"><\/div>\n\n\n\n<h4 class=\"wp-block-heading\">Unser Hofladensortiment:<\/h4>\n\n\n\n<div style=\"height:25px\" aria-hidden=\"true\" class=\"wp-block-spacer\"><\/div>\n\n\n\n<details class=\"wp-block-details is-layout-flow wp-block-details-is-layout-flow\"><summary><strong>Obst und Beeren<\/strong><\/summary>\n<ul class=\"wp-block-list\">\n<li>Erdbeeren, Himbeeren, Heidelbeeren und weitere Beeren von Weigolds Beerenhof in Hanschusheim<\/li>\n\n\n\n<li>\u00c4pfel von der Bergstra\u00dfe und aus dem Baiertal<\/li>\n\n\n\n<li>weitere Fr\u00fcchte und S\u00fcdfr\u00fcchte wie Pfirsich, Banane, Trauben und viele mehr<\/li>\n<\/ul>\n\n\n\n<div style=\"height:5px\" aria-hidden=\"true\" class=\"wp-block-spacer\"><\/div>\n<\/details>\n\n\n\n<details class=\"wp-block-details is-layout-flow wp-block-details-is-layout-flow\"><summary><strong>Gem\u00fcse und Salat<\/strong><\/summary>\n<ul class=\"wp-block-list\">\n<li>Feldsalat, Kopfsalat und weitere Salate aus Handschusheim<\/li>\n\n\n\n<li>Paprika, Tomaten, Kohlrabi, Radieschen und weiteres Gem\u00fcse aus Handschusheim und der Pfalz<\/li>\n<\/ul>\n\n\n\n<div style=\"height:5px\" aria-hidden=\"true\" class=\"wp-block-spacer\"><\/div>\n<\/details>\n\n\n\n<details class=\"wp-block-details is-layout-flow wp-block-details-is-layout-flow\"><summary><strong>Eier<\/strong><\/summary>\n<ul class=\"wp-block-list\">\n<li>regionale Eier aus Bodenhaltung und Freilandhaltung<\/li>\n<\/ul>\n\n\n\n<div style=\"height:5px\" aria-hidden=\"true\" class=\"wp-block-spacer\"><\/div>\n<\/details>\n\n\n\n<details class=\"wp-block-details is-layout-flow wp-block-details-is-layout-flow\"><summary><strong>Spezialit\u00e4ten aus der Region<\/strong><\/summary>\n<ul class=\"wp-block-list\">\n<li>Dosenwurst vom Schwabenheimerhof in Dossenheim<\/li>\n\n\n\n<li>verschiedene Honigsorten aus Pfaffengrund<\/li>\n\n\n\n<li>Kr\u00e4uteressig aus Kirchheim und Heidelberg<\/li>\n\n\n\n<li>Fruchtessige von Fruchtwerker aus Talkau<\/li>\n\n\n\n<li>Tomatenspezialit\u00e4ten und weitere Produkte von Chiron Naturdelikatessen aus Baltringen<\/li>\n\n\n\n<li>Nudeln von Albgold von der Schw\u00e4bischen Alb<\/li>\n\n\n\n<li>Gem\u00fcsebr\u00fche von Erbacher aus dem Odenwald<\/li>\n\n\n\n<li>diverse Spezialit\u00e4ten von Hook Sauerkonserven in Mannheim<\/li>\n<\/ul>\n\n\n\n<div style=\"height:5px\" aria-hidden=\"true\" class=\"wp-block-spacer\"><\/div>\n<\/details>\n\n\n\n<details class=\"wp-block-details is-layout-flow wp-block-details-is-layout-flow\"><summary><strong>Getr\u00e4nke<\/strong><\/summary>\n<ul class=\"wp-block-list\">\n<li>Apfelsaft in Flaschen oder Bag-in-Box von Gef\u00e4ller aus Baiertal<\/li>\n\n\n\n<li>Bio-Weine aus der Pfalz vom Weingut Dengler-Seyler in Maikammer<\/li>\n<\/ul>\n<\/details>\n\n\n\n<div style=\"height:10px\" aria-hidden=\"true\" class=\"wp-block-spacer\"><\/div>\n<\/div>\n<\/div>\n\n\n\n<div style=\"height:60px\" aria-hidden=\"true\" class=\"wp-block-spacer\"><\/div>\n\n\n\n<p><\/p>\n","protected":false},"excerpt":{"rendered":"<p>Hofladen Unser Hofladen ist Ihr Frischeversorger vor Ort. Mit dem Blick auf Regionalit\u00e4t und Nachhaltigkeit w\u00e4hlen wir unsere Produkte sorgf\u00e4ltig f\u00fcr Sie aus. Das ganze Jahr \u00fcber bieten wir Ihnen ein vielf\u00e4ltiges Sortiment an frischem Obst und Gem\u00fcse, sowie Fruchtaufstrichen, Essigen und \u00d6len, Nudeln, Eiern und weiteren regionalen Spezialit\u00e4ten, die den Einkauf direkt vom Erzeuger [&hellip;]<\/p>\n","protected":false},"author":2,"featured_media":0,"parent":0,"menu_order":0,"comment_status":"closed","ping_status":"closed","template":"","meta":{"site-sidebar-layout":"default","site-content-layout":"","ast-site-content-layout":"default","site-content-style":"default","site-sidebar-style":"default","ast-global-header-display":"","ast-banner-title-visibility":"","ast-main-header-display":"","ast-hfb-above-header-display":"","ast-hfb-below-header-display":"","ast-hfb-mobile-header-display":"","site-post-title":"disabled","ast-breadcrumbs-content":"","ast-featured-img":"","footer-sml-layout":"","ast-disable-related-posts":"","theme-transparent-header-meta":"","adv-header-id-meta":"","stick-header-meta":"","header-above-stick-meta":"","header-main-stick-meta":"","header-below-stick-meta":"","astra-migrate-meta-layouts":"default","ast-page-background-enabled":"default","ast-page-background-meta":{"desktop":{"background-color":"var(--ast-global-color-5)","background-image":"","background-repeat":"repeat","background-position":"center center","background-size":"auto","background-attachment":"scroll","background-type":"","background-media":"","overlay-type":"","overlay-color":"","overlay-opacity":"","overlay-gradient":""},"tablet":{"background-color":"","background-image":"","background-repeat":"repeat","background-position":"center center","background-size":"auto","background-attachment":"scroll","background-type":"","background-media":"","overlay-type":"","overlay-color":"","overlay-opacity":"","overlay-gradient":""},"mobile":{"background-color":"","background-image":"","background-repeat":"repeat","background-position":"center center","background-size":"auto","background-attachment":"scroll","background-type":"","background-media":"","overlay-type":"","overlay-color":"","overlay-opacity":"","overlay-gradient":""}},"ast-content-background-meta":{"desktop":{"background-color":"var(--ast-global-color-4)","background-image":"","background-repeat":"repeat","background-position":"center center","background-size":"auto","background-attachment":"scroll","background-type":"","background-media":"","overlay-type":"","overlay-color":"","overlay-opacity":"","overlay-gradient":""},"tablet":{"background-color":"var(--ast-global-color-4)","background-image":"","background-repeat":"repeat","background-position":"center center","background-size":"auto","background-attachment":"scroll","background-type":"","background-media":"","overlay-type":"","overlay-color":"","overlay-opacity":"","overlay-gradient":""},"mobile":{"background-color":"var(--ast-global-color-4)","background-image":"","background-repeat":"repeat","background-position":"center center","background-size":"auto","background-attachment":"scroll","background-type":"","background-media":"","overlay-type":"","overlay-color":"","overlay-opacity":"","overlay-gradient":""}},"footnotes":""},"class_list":["post-30","page","type-page","status-publish","hentry"],"_links":{"self":[{"href":"https:\/\/gaertnerei-pfisterer.de\/index.php\/wp-json\/wp\/v2\/pages\/30","targetHints":{"allow":["GET"]}}],"collection":[{"href":"https:\/\/gaertnerei-pfisterer.de\/index.php\/wp-json\/wp\/v2\/pages"}],"about":[{"href":"https:\/\/gaertnerei-pfisterer.de\/index.php\/wp-json\/wp\/v2\/types\/page"}],"author":[{"embeddable":true,"href":"https:\/\/gaertnerei-pfisterer.de\/index.php\/wp-json\/wp\/v2\/users\/2"}],"replies":[{"embeddable":true,"href":"https:\/\/gaertnerei-pfisterer.de\/index.php\/wp-json\/wp\/v2\/comments?post=30"}],"version-history":[{"count":36,"href":"https:\/\/gaertnerei-pfisterer.de\/index.php\/wp-json\/wp\/v2\/pages\/30\/revisions"}],"predecessor-version":[{"id":953,"href":"https:\/\/gaertnerei-pfisterer.de\/index.php\/wp-json\/wp\/v2\/pages\/30\/revisions\/953"}],"wp:attachment":[{"href":"https:\/\/gaertnerei-pfisterer.de\/index.php\/wp-json\/wp\/v2\/media?parent=30"}],"curies":[{"name":"wp","href":"https:\/\/api.w.org\/{rel}","templated":true}]}}