{"id":43,"date":"2026-01-21T14:57:16","date_gmt":"2026-01-21T14:57:16","guid":{"rendered":"https:\/\/relaunch.gaertnerei-pfisterer.de\/?page_id=43"},"modified":"2026-03-18T13:14:03","modified_gmt":"2026-03-18T13:14:03","slug":"pflanzenwissen","status":"publish","type":"page","link":"https:\/\/gaertnerei-pfisterer.de\/index.php\/pflanzenwissen\/","title":{"rendered":"Pflanzenwissen"},"content":{"rendered":"\n<h1 class=\"wp-block-heading\">Pflanzenwissen<\/h1>\n\n\n\n<hr class=\"wp-block-separator has-text-color has-ast-global-color-3-color has-alpha-channel-opacity has-ast-global-color-3-background-color has-background is-style-wide\"\/>\n\n\n\n<div class=\"wp-block-columns is-layout-flex wp-container-core-columns-is-layout-27350ac6 wp-block-columns-is-layout-flex\" style=\"padding-top:var(--wp--preset--spacing--30);padding-right:0;padding-bottom:var(--wp--preset--spacing--30);padding-left:0\">\n<div class=\"wp-block-column has-ast-global-color-7-background-color has-background is-layout-flow wp-block-column-is-layout-flow\" style=\"border-top-left-radius:18px;border-top-right-radius:18px;border-bottom-left-radius:18px;border-bottom-right-radius:18px;padding-top:var(--wp--preset--spacing--30);padding-right:var(--wp--preset--spacing--30);padding-bottom:var(--wp--preset--spacing--30);padding-left:var(--wp--preset--spacing--30)\">\n<h3 class=\"wp-block-heading\">Rhododendron<\/h3>\n\n\n\n<p class=\"has-text-align-left\">Rhododendren sollten nach der Bl\u00fcte auf die Rhododendronzirkade untersucht werden, denn sie ist f\u00fcr das absterben der Knospen und damit fehlen der Bl\u00fcte verantwortlich.\u00a0 Anfang August legen sie ihre Eier unterhalb der Knospe ab. In die Einstichstelle dringt ein Pils bei feuchter Witterung ein und die Knospe stirbt ab.<\/p>\n<\/div>\n\n\n\n<div class=\"wp-block-column has-background is-layout-flow wp-block-column-is-layout-flow\" style=\"border-top-left-radius:18px;border-top-right-radius:18px;border-bottom-left-radius:18px;border-bottom-right-radius:18px;background-color:#e09fa6;padding-top:var(--wp--preset--spacing--30);padding-right:var(--wp--preset--spacing--30);padding-bottom:var(--wp--preset--spacing--30);padding-left:var(--wp--preset--spacing--30)\">\n<h3 class=\"wp-block-heading\">Rosen<\/h3>\n\n\n\n<p>Sch\u00fctzen Sie die neuen Austriebe Ihrer Rosen gegen Pilzerkrankungen wie z.B. Sternru\u00dftau, Rost und Echten Mehltau mit einem geeigneten Pilzmittel. Die wichtigsten Pilzerkrankungen der Rosen \u00fcberwintern an der Pflanze und k\u00f6nnen somit die neuen Triebe befallen. Spritzen sie deshalb bei Austreiben der neuen Triebe und entfernen sie die befallenen Bl\u00e4tter sobald welche sichtbar sind, dass die Sporen nicht weitergetragen werden k\u00f6nnen.<\/p>\n<\/div>\n<\/div>\n\n\n\n<div class=\"wp-block-columns is-layout-flex wp-container-core-columns-is-layout-27350ac6 wp-block-columns-is-layout-flex\" style=\"padding-top:var(--wp--preset--spacing--30);padding-right:0;padding-bottom:var(--wp--preset--spacing--30);padding-left:0\">\n<div class=\"wp-block-column has-background is-layout-flow wp-block-column-is-layout-flow\" style=\"border-top-left-radius:18px;border-top-right-radius:18px;border-bottom-left-radius:18px;border-bottom-right-radius:18px;background-color:#e09fa6;padding-top:var(--wp--preset--spacing--30);padding-right:var(--wp--preset--spacing--30);padding-bottom:var(--wp--preset--spacing--30);padding-left:var(--wp--preset--spacing--30)\">\n<h3 class=\"wp-block-heading\">Tomatenpflanzen<\/h3>\n\n\n\n<p>Tomaten werden leider im Laufe der Saison von der Kraut und Braunf\u00e4ule befallen. Sie ist an kleinen braunen Flecken auf den unteren Bl\u00e4ttern leicht zu erkennen. Sie befallen erst die Bl\u00e4tter und sp\u00e4ter erscheinen auch auf den Fr\u00fcchten die schwarzen Flecken. Die Pflanze stirbt langsam ab. Um dies zu verhindern sollte man die Pflanzen mit einem Dach sch\u00fctzen, dass sie nicht bei jedem Regen nass werden. Vorbeugend kann man auch an Pflanzenschutz denken und vorbeugend spritzen. Die befallenen Bl\u00e4tter m\u00fcssen entfernt werden, und die Spritzung sollte wiederholt werden.<\/p>\n\n\n\n<p>Eine weitere M\u00f6glichkeit zur Vorbeugung sind resistente Tomatensorten,<strong>&nbsp;<a href=\"https:\/\/gaertnerei-pfisterer.de\/index.php\/gaertnerei\/#tomaten-resistent\" data-type=\"page\" data-id=\"32\">hier<\/a>&nbsp;<\/strong>k\u00f6nnen Sie unsere Sortenvielfalt entdecken.<\/p>\n<\/div>\n\n\n\n<div class=\"wp-block-column has-ast-global-color-7-background-color has-background is-layout-flow wp-block-column-is-layout-flow\" style=\"border-top-left-radius:18px;border-top-right-radius:18px;border-bottom-left-radius:18px;border-bottom-right-radius:18px;padding-top:var(--wp--preset--spacing--30);padding-right:var(--wp--preset--spacing--30);padding-bottom:var(--wp--preset--spacing--30);padding-left:var(--wp--preset--spacing--30)\">\n<h3 class=\"wp-block-heading\">Paprikapflanzen<\/h3>\n\n\n\n<p>Bei den Paprikapflanzen sollte man die erste Bl\u00fcte aus der Mitte des Paprikas entfernen, die sogenannte K\u00f6nigsbl\u00fcte. Das entfernen dieser Bl\u00fcte bewirkt, dass die Paprikapflanze einen h\u00f6heren Ertrag erzielt.<\/p>\n<\/div>\n<\/div>\n\n\n\n<p><\/p>\n","protected":false},"excerpt":{"rendered":"<p>Pflanzenwissen Rhododendron Rhododendren sollten nach der Bl\u00fcte auf die Rhododendronzirkade untersucht werden, denn sie ist f\u00fcr das absterben der Knospen und damit fehlen der Bl\u00fcte verantwortlich.\u00a0 Anfang August legen sie ihre Eier unterhalb der Knospe ab. In die Einstichstelle dringt ein Pils bei feuchter Witterung ein und die Knospe stirbt ab. Rosen Sch\u00fctzen Sie die [&hellip;]<\/p>\n","protected":false},"author":2,"featured_media":0,"parent":0,"menu_order":0,"comment_status":"closed","ping_status":"closed","template":"","meta":{"site-sidebar-layout":"default","site-content-layout":"","ast-site-content-layout":"default","site-content-style":"default","site-sidebar-style":"default","ast-global-header-display":"","ast-banner-title-visibility":"","ast-main-header-display":"","ast-hfb-above-header-display":"","ast-hfb-below-header-display":"","ast-hfb-mobile-header-display":"","site-post-title":"disabled","ast-breadcrumbs-content":"","ast-featured-img":"","footer-sml-layout":"","ast-disable-related-posts":"","theme-transparent-header-meta":"","adv-header-id-meta":"","stick-header-meta":"","header-above-stick-meta":"","header-main-stick-meta":"","header-below-stick-meta":"","astra-migrate-meta-layouts":"default","ast-page-background-enabled":"default","ast-page-background-meta":{"desktop":{"background-color":"var(--ast-global-color-5)","background-image":"","background-repeat":"repeat","background-position":"center center","background-size":"auto","background-attachment":"scroll","background-type":"","background-media":"","overlay-type":"","overlay-color":"","overlay-opacity":"","overlay-gradient":""},"tablet":{"background-color":"","background-image":"","background-repeat":"repeat","background-position":"center center","background-size":"auto","background-attachment":"scroll","background-type":"","background-media":"","overlay-type":"","overlay-color":"","overlay-opacity":"","overlay-gradient":""},"mobile":{"background-color":"","background-image":"","background-repeat":"repeat","background-position":"center center","background-size":"auto","background-attachment":"scroll","background-type":"","background-media":"","overlay-type":"","overlay-color":"","overlay-opacity":"","overlay-gradient":""}},"ast-content-background-meta":{"desktop":{"background-color":"var(--ast-global-color-4)","background-image":"","background-repeat":"repeat","background-position":"center center","background-size":"auto","background-attachment":"scroll","background-type":"","background-media":"","overlay-type":"","overlay-color":"","overlay-opacity":"","overlay-gradient":""},"tablet":{"background-color":"var(--ast-global-color-4)","background-image":"","background-repeat":"repeat","background-position":"center center","background-size":"auto","background-attachment":"scroll","background-type":"","background-media":"","overlay-type":"","overlay-color":"","overlay-opacity":"","overlay-gradient":""},"mobile":{"background-color":"var(--ast-global-color-4)","background-image":"","background-repeat":"repeat","background-position":"center center","background-size":"auto","background-attachment":"scroll","background-type":"","background-media":"","overlay-type":"","overlay-color":"","overlay-opacity":"","overlay-gradient":""}},"footnotes":""},"class_list":["post-43","page","type-page","status-publish","hentry"],"_links":{"self":[{"href":"https:\/\/gaertnerei-pfisterer.de\/index.php\/wp-json\/wp\/v2\/pages\/43","targetHints":{"allow":["GET"]}}],"collection":[{"href":"https:\/\/gaertnerei-pfisterer.de\/index.php\/wp-json\/wp\/v2\/pages"}],"about":[{"href":"https:\/\/gaertnerei-pfisterer.de\/index.php\/wp-json\/wp\/v2\/types\/page"}],"author":[{"embeddable":true,"href":"https:\/\/gaertnerei-pfisterer.de\/index.php\/wp-json\/wp\/v2\/users\/2"}],"replies":[{"embeddable":true,"href":"https:\/\/gaertnerei-pfisterer.de\/index.php\/wp-json\/wp\/v2\/comments?post=43"}],"version-history":[{"count":4,"href":"https:\/\/gaertnerei-pfisterer.de\/index.php\/wp-json\/wp\/v2\/pages\/43\/revisions"}],"predecessor-version":[{"id":908,"href":"https:\/\/gaertnerei-pfisterer.de\/index.php\/wp-json\/wp\/v2\/pages\/43\/revisions\/908"}],"wp:attachment":[{"href":"https:\/\/gaertnerei-pfisterer.de\/index.php\/wp-json\/wp\/v2\/media?parent=43"}],"curies":[{"name":"wp","href":"https:\/\/api.w.org\/{rel}","templated":true}]}}