{"id":53,"date":"2026-01-21T14:58:39","date_gmt":"2026-01-21T14:58:39","guid":{"rendered":"https:\/\/relaunch.gaertnerei-pfisterer.de\/?page_id=53"},"modified":"2026-04-08T12:46:50","modified_gmt":"2026-04-08T12:46:50","slug":"anfahrt-und-oeffnungszeiten","status":"publish","type":"page","link":"https:\/\/gaertnerei-pfisterer.de\/index.php\/anfahrt-und-oeffnungszeiten\/","title":{"rendered":"Anfahrt und \u00d6ffnungszeiten"},"content":{"rendered":"\n<div class=\"wp-block-columns is-layout-flex wp-container-core-columns-is-layout-99de5ce1 wp-block-columns-is-layout-flex\" style=\"margin-top:0;margin-bottom:0;padding-top:0;padding-right:0;padding-bottom:0;padding-left:0\">\n<div class=\"wp-block-column is-layout-flow wp-block-column-is-layout-flow\" style=\"flex-basis:15%\"><\/div>\n\n\n\n<div class=\"wp-block-column is-layout-flow wp-block-column-is-layout-flow\">\n<h1 class=\"wp-block-heading\">Anfahrt und \u00d6ffnungszeiten<\/h1>\n<\/div>\n<\/div>\n\n\n\n<div style=\"height:25px\" aria-hidden=\"true\" class=\"wp-block-spacer\"><\/div>\n\n\n\n<div class=\"wp-block-columns alignwide is-layout-flex wp-container-core-columns-is-layout-83f08598 wp-block-columns-is-layout-flex\" style=\"margin-top:0;margin-bottom:0;padding-top:0;padding-right:0;padding-bottom:0;padding-left:0\">\n<div class=\"wp-block-column is-layout-flow wp-block-column-is-layout-flow\">\n<div class=\"wp-block-columns is-layout-flex wp-container-core-columns-is-layout-28f84493 wp-block-columns-is-layout-flex\">\n<div class=\"wp-block-column is-layout-flow wp-block-column-is-layout-flow\" style=\"flex-basis:15%\"><\/div>\n\n\n\n<div class=\"wp-block-column is-layout-flow wp-block-column-is-layout-flow\" style=\"padding-right:var(--wp--preset--spacing--30);padding-left:var(--wp--preset--spacing--50);flex-basis:30%\">\n<div class=\"wp-block-group is-nowrap is-layout-flex wp-container-core-group-is-layout-6c531013 wp-block-group-is-layout-flex\">\n<figure class=\"wp-block-image size-full is-resized\"><img loading=\"lazy\" decoding=\"async\" width=\"267\" height=\"426\" src=\"https:\/\/gaertnerei-pfisterer.de\/wp-content\/uploads\/2026\/01\/image.png\" alt=\"\" class=\"wp-image-104\" style=\"aspect-ratio:0.6268922528940338;width:28px;height:auto\" srcset=\"https:\/\/gaertnerei-pfisterer.de\/wp-content\/uploads\/2026\/01\/image.png 267w, https:\/\/gaertnerei-pfisterer.de\/wp-content\/uploads\/2026\/01\/image-188x300.png 188w\" sizes=\"auto, (max-width: 267px) 100vw, 267px\" \/><\/figure>\n\n\n\n<p class=\"has-medium-font-size\">G\u00e4rtnerei Pfisterer<br>Hebelstr. 11<br>69214 Eppelheim<\/p>\n<\/div>\n\n\n\n<div style=\"height:21px\" aria-hidden=\"true\" class=\"wp-block-spacer\"><\/div>\n\n\n\n<h3 class=\"wp-block-heading\">\u00d6ffnungszeiten<\/h3>\n\n\n\n<p class=\"has-medium-font-size\">Montag &#8211; Freitag:<br>9.00 Uhr bis 12.00 Uhr<br>14:30 Uhr &#8211; 18:00 Uhr<\/p>\n\n\n\n<p class=\"has-medium-font-size\">Mittwochs geschlossen (au\u00dfer im Mai)<\/p>\n\n\n\n<p class=\"has-medium-font-size\">Samstag:<br>9.00 Uhr bis 12.30 Uhr<\/p>\n<\/div>\n\n\n\n<div class=\"wp-block-column is-vertically-aligned-center is-layout-flow wp-block-column-is-layout-flow\" style=\"padding-right:var(--wp--preset--spacing--50);padding-left:var(--wp--preset--spacing--30);flex-basis:40%\">\n<div id=\"map-container\" style=\"\n    width:100%;\n    height:450px;\n    display:flex;\n    flex-direction:column;\n    align-items:center;\n    justify-content:center;\n    border:1px solid #ccc;\n    background-image:url('https:\/\/gaertnerei-pfisterer.de\/wp-content\/uploads\/2026\/01\/Maps.png');\n    background-size:cover;\n    background-position:center;\n    position:relative;\n\">\n\n    <button id=\"load-map-btn\" style=\"\n        padding:12px 24px;\n        font-size:16px;\n        cursor:pointer;\n        color:#fff;\n        border:none;\n        border-radius:6px;\n        background-color:#000000;\n        font-family:'Albert Sans', sans-serif;\n        z-index:2;\n    \">\n        Karte anzeigen\n    <\/button>\n\n    <p id=\"map-hint\" style=\"\n        margin-top:12px;\n        color:#000;\n        font-size:16px;\n        text-align:center;\n        font-family:'Albert Sans', sans-serif;\n        background:rgba(255,255,255,0.85);\n        padding:6px 10px;\n        border-radius:4px;\n        z-index:2;\n    \">\n        Durch das Klicken auf den Button wird eine Verbindung zu Google Maps hergestellt.\n    <\/p>\n<\/div>\n\n<script>\ndocument.getElementById(\"load-map-btn\").addEventListener(\"click\", function () {\n    const container = document.getElementById(\"map-container\");\n\n    container.style.backgroundImage = \"none\";\n    container.innerHTML = `\n        <iframe\n            src=\"https:\/\/www.google.com\/maps\/embed?pb=!1m18!1m12!1m3!1d2596.2905971263044!2d8.63323507696664!3d49.40340997141122!2m3!1f0!2f0!3f0!3m2!1i1024!2i768!4f13.1!3m3!1m2!1s0x4797c7223483d123%3A0xecd9f5dfdc6cb2aa!2sPfisterer%20G%C3%A4rtnerei!5e0!3m2!1sde!2sde!4v1769765875480!5m2!1sde!2sde\"\n            width=\"100%\"\n            height=\"100%\"\n            style=\"border:0;\"\n            allowfullscreen\n            loading=\"lazy\"\n            referrerpolicy=\"no-referrer-when-downgrade\">\n        <\/iframe>\n    `;\n});\n<\/script>\n<\/div>\n\n\n\n<div class=\"wp-block-column is-layout-flow wp-block-column-is-layout-flow\" style=\"flex-basis:15%\"><\/div>\n<\/div>\n<\/div>\n<\/div>\n\n\n\n<p><\/p>\n","protected":false},"excerpt":{"rendered":"<p>Anfahrt und \u00d6ffnungszeiten G\u00e4rtnerei PfistererHebelstr. 1169214 Eppelheim \u00d6ffnungszeiten Montag &#8211; Freitag:9.00 Uhr bis 12.00 Uhr14:30 Uhr &#8211; 18:00 Uhr Mittwochs geschlossen (au\u00dfer im Mai) Samstag:9.00 Uhr bis 12.30 Uhr Karte anzeigen Durch das Klicken auf den Button wird eine Verbindung zu Google Maps hergestellt.<\/p>\n","protected":false},"author":2,"featured_media":0,"parent":0,"menu_order":0,"comment_status":"closed","ping_status":"closed","template":"","meta":{"site-sidebar-layout":"default","site-content-layout":"","ast-site-content-layout":"default","site-content-style":"default","site-sidebar-style":"default","ast-global-header-display":"","ast-banner-title-visibility":"","ast-main-header-display":"","ast-hfb-above-header-display":"","ast-hfb-below-header-display":"","ast-hfb-mobile-header-display":"","site-post-title":"disabled","ast-breadcrumbs-content":"","ast-featured-img":"","footer-sml-layout":"","ast-disable-related-posts":"","theme-transparent-header-meta":"","adv-header-id-meta":"","stick-header-meta":"","header-above-stick-meta":"","header-main-stick-meta":"","header-below-stick-meta":"","astra-migrate-meta-layouts":"default","ast-page-background-enabled":"default","ast-page-background-meta":{"desktop":{"background-color":"var(--ast-global-color-5)","background-image":"","background-repeat":"repeat","background-position":"center center","background-size":"auto","background-attachment":"scroll","background-type":"","background-media":"","overlay-type":"","overlay-color":"","overlay-opacity":"","overlay-gradient":""},"tablet":{"background-color":"","background-image":"","background-repeat":"repeat","background-position":"center center","background-size":"auto","background-attachment":"scroll","background-type":"","background-media":"","overlay-type":"","overlay-color":"","overlay-opacity":"","overlay-gradient":""},"mobile":{"background-color":"","background-image":"","background-repeat":"repeat","background-position":"center center","background-size":"auto","background-attachment":"scroll","background-type":"","background-media":"","overlay-type":"","overlay-color":"","overlay-opacity":"","overlay-gradient":""}},"ast-content-background-meta":{"desktop":{"background-color":"var(--ast-global-color-4)","background-image":"","background-repeat":"repeat","background-position":"center center","background-size":"auto","background-attachment":"scroll","background-type":"","background-media":"","overlay-type":"","overlay-color":"","overlay-opacity":"","overlay-gradient":""},"tablet":{"background-color":"var(--ast-global-color-4)","background-image":"","background-repeat":"repeat","background-position":"center center","background-size":"auto","background-attachment":"scroll","background-type":"","background-media":"","overlay-type":"","overlay-color":"","overlay-opacity":"","overlay-gradient":""},"mobile":{"background-color":"var(--ast-global-color-4)","background-image":"","background-repeat":"repeat","background-position":"center center","background-size":"auto","background-attachment":"scroll","background-type":"","background-media":"","overlay-type":"","overlay-color":"","overlay-opacity":"","overlay-gradient":""}},"footnotes":""},"class_list":["post-53","page","type-page","status-publish","hentry"],"_links":{"self":[{"href":"https:\/\/gaertnerei-pfisterer.de\/index.php\/wp-json\/wp\/v2\/pages\/53","targetHints":{"allow":["GET"]}}],"collection":[{"href":"https:\/\/gaertnerei-pfisterer.de\/index.php\/wp-json\/wp\/v2\/pages"}],"about":[{"href":"https:\/\/gaertnerei-pfisterer.de\/index.php\/wp-json\/wp\/v2\/types\/page"}],"author":[{"embeddable":true,"href":"https:\/\/gaertnerei-pfisterer.de\/index.php\/wp-json\/wp\/v2\/users\/2"}],"replies":[{"embeddable":true,"href":"https:\/\/gaertnerei-pfisterer.de\/index.php\/wp-json\/wp\/v2\/comments?post=53"}],"version-history":[{"count":53,"href":"https:\/\/gaertnerei-pfisterer.de\/index.php\/wp-json\/wp\/v2\/pages\/53\/revisions"}],"predecessor-version":[{"id":1063,"href":"https:\/\/gaertnerei-pfisterer.de\/index.php\/wp-json\/wp\/v2\/pages\/53\/revisions\/1063"}],"wp:attachment":[{"href":"https:\/\/gaertnerei-pfisterer.de\/index.php\/wp-json\/wp\/v2\/media?parent=53"}],"curies":[{"name":"wp","href":"https:\/\/api.w.org\/{rel}","templated":true}]}}