{"id":725,"date":"2026-02-17T13:24:46","date_gmt":"2026-02-17T13:24:46","guid":{"rendered":"https:\/\/relaunch.gaertnerei-pfisterer.de\/?page_id=725"},"modified":"2026-03-23T20:01:11","modified_gmt":"2026-03-23T20:01:11","slug":"hofladen-aktuelles","status":"publish","type":"page","link":"https:\/\/gaertnerei-pfisterer.de\/index.php\/hofladen-aktuelles\/","title":{"rendered":"Hofladen-Aktuelles"},"content":{"rendered":"\n<div class=\"wp-block-columns is-layout-flex wp-container-core-columns-is-layout-1ec2ec05 wp-block-columns-is-layout-flex\" style=\"margin-top:0;margin-bottom:0;padding-top:0;padding-right:0;padding-bottom:0;padding-left:0\">\n<div class=\"wp-block-column is-layout-flow wp-block-column-is-layout-flow\" style=\"flex-basis:22%\"><\/div>\n\n\n\n<div class=\"wp-block-column is-layout-flow wp-block-column-is-layout-flow\" style=\"flex-basis:60%\">\n<div class=\"wp-block-group is-content-justification-left is-nowrap is-layout-flex wp-container-core-group-is-layout-ed06a9d3 wp-block-group-is-layout-flex\" style=\"margin-top:var(--wp--preset--spacing--30);margin-bottom:var(--wp--preset--spacing--30);padding-bottom:var(--wp--preset--spacing--50)\">\n<div class=\"wp-block-buttons is-layout-flex wp-block-buttons-is-layout-flex\">\n<div class=\"wp-block-button\"><a class=\"wp-block-button__link has-ast-global-color-0-background-color has-background has-custom-font-size wp-element-button\" href=\"https:\/\/gaertnerei-pfisterer.de\/index.php\/aktuelles\/\" style=\"border-top-left-radius:8px;border-top-right-radius:8px;border-bottom-left-radius:8px;border-bottom-right-radius:8px;padding-top:0.9rem;padding-right:var(--wp--preset--spacing--40);padding-bottom:0.9rem;padding-left:var(--wp--preset--spacing--40);font-size:18px;font-style:normal;font-weight:600\">\u2190 Zur\u00fcck zur \u00dcbersicht<\/a><\/div>\n<\/div>\n<\/div>\n<\/div>\n\n\n\n<div class=\"wp-block-column is-layout-flow wp-block-column-is-layout-flow\" style=\"flex-basis:22%\"><\/div>\n<\/div>\n\n\n\n<div class=\"wp-block-columns is-layout-flex wp-container-core-columns-is-layout-1ec2ec05 wp-block-columns-is-layout-flex\" style=\"margin-top:0;margin-bottom:0;padding-top:0;padding-right:0;padding-bottom:0;padding-left:0\">\n<div class=\"wp-block-column is-layout-flow wp-block-column-is-layout-flow\" style=\"flex-basis:22%\"><\/div>\n\n\n\n<div class=\"wp-block-column is-layout-flow wp-block-column-is-layout-flow\" style=\"flex-basis:54%\">\n<h2 class=\"wp-block-heading\">Aktuelles aus unserem Hofladen<\/h2>\n\n\n\n<hr class=\"wp-block-separator has-text-color has-ast-global-color-0-color has-alpha-channel-opacity has-ast-global-color-0-background-color has-background is-style-wide\" style=\"margin-top:var(--wp--preset--spacing--20);margin-bottom:var(--wp--preset--spacing--20)\"\/>\n\n\n\n<div class=\"wp-block-query is-layout-flow wp-block-query-is-layout-flow\"><ul class=\"wp-block-post-template is-layout-flow wp-block-post-template-is-layout-flow\"><li class=\"wp-block-post post-133 post type-post status-publish format-standard has-post-thumbnail hentry category-hofladen\">\n\n<div class=\"wp-block-columns alignwide is-layout-flex wp-container-core-columns-is-layout-ca2914d7 wp-block-columns-is-layout-flex\" style=\"margin-top:0;margin-bottom:0;padding-right:0;padding-left:0\">\n<div class=\"wp-block-column is-layout-flow wp-container-core-column-is-layout-b108c007 wp-block-column-is-layout-flow\" style=\"padding-right:0;padding-left:0;flex-basis:57%\"><figure style=\"aspect-ratio:auto;height:350px; padding-right:var(--wp--preset--spacing--30);padding-left:0;padding-top:0;padding-bottom:0;margin-right:0;margin-left:0;margin-top:0;margin-bottom:0;\" class=\"wp-block-post-featured-image\"><a href=\"https:\/\/gaertnerei-pfisterer.de\/index.php\/2026\/01\/30\/leckeres-aus-unserem-hofladen\/\" target=\"_self\"  style=\"height:350px\"><img loading=\"lazy\" decoding=\"async\" width=\"2560\" height=\"1920\" src=\"https:\/\/gaertnerei-pfisterer.de\/wp-content\/uploads\/2026\/01\/20240624_171256-scaled.jpg\" class=\"attachment-full size-full wp-post-image\" alt=\"Leckeres aus unserem Hofladen\" style=\"width:100%;height:100%;object-fit:contain;\" srcset=\"https:\/\/gaertnerei-pfisterer.de\/wp-content\/uploads\/2026\/01\/20240624_171256-scaled.jpg 2560w, https:\/\/gaertnerei-pfisterer.de\/wp-content\/uploads\/2026\/01\/20240624_171256-300x225.jpg 300w, https:\/\/gaertnerei-pfisterer.de\/wp-content\/uploads\/2026\/01\/20240624_171256-1024x768.jpg 1024w, https:\/\/gaertnerei-pfisterer.de\/wp-content\/uploads\/2026\/01\/20240624_171256-768x576.jpg 768w, https:\/\/gaertnerei-pfisterer.de\/wp-content\/uploads\/2026\/01\/20240624_171256-1536x1152.jpg 1536w, https:\/\/gaertnerei-pfisterer.de\/wp-content\/uploads\/2026\/01\/20240624_171256-2048x1536.jpg 2048w\" sizes=\"auto, (max-width: 2560px) 100vw, 2560px\" \/><\/a><\/figure><\/div>\n\n\n\n<div class=\"wp-block-column is-vertically-aligned-center is-layout-flow wp-container-core-column-is-layout-55debadd wp-block-column-is-layout-flow\" style=\"padding-top:0;padding-right:var(--wp--preset--spacing--20);padding-bottom:0;padding-left:0;flex-basis:47%\"><h4 class=\"has-link-color wp-elements-67bbd4d99eb60243c536920353c22f7e wp-block-post-title\"><a href=\"https:\/\/gaertnerei-pfisterer.de\/index.php\/2026\/01\/30\/leckeres-aus-unserem-hofladen\/\" target=\"_self\" >Leckeres aus unserem Hofladen<\/a><\/h4>\n\n<div style=\"font-size:20px; margin-right:0;margin-left:0;\" class=\"wp-block-post-excerpt\"><p class=\"wp-block-post-excerpt__excerpt\">Immer frisch und saisonal! Obst und Gem\u00fcse aus der Region! In unserem Hofladen finden Sie alles, was Sie f\u00fcr eine saisonale K\u00fcche brauchen. <\/p><\/div><\/div>\n<\/div>\n\n<\/li><\/ul><\/div>\n<\/div>\n\n\n\n<div class=\"wp-block-column is-layout-flow wp-block-column-is-layout-flow\" style=\"flex-basis:22%\"><\/div>\n<\/div>\n\n\n\n<p><\/p>\n","protected":false},"excerpt":{"rendered":"<p>Aktuelles aus unserem Hofladen<\/p>\n","protected":false},"author":2,"featured_media":0,"parent":0,"menu_order":0,"comment_status":"closed","ping_status":"closed","template":"","meta":{"site-sidebar-layout":"default","site-content-layout":"","ast-site-content-layout":"default","site-content-style":"default","site-sidebar-style":"default","ast-global-header-display":"","ast-banner-title-visibility":"","ast-main-header-display":"","ast-hfb-above-header-display":"","ast-hfb-below-header-display":"","ast-hfb-mobile-header-display":"","site-post-title":"disabled","ast-breadcrumbs-content":"","ast-featured-img":"","footer-sml-layout":"","ast-disable-related-posts":"","theme-transparent-header-meta":"","adv-header-id-meta":"","stick-header-meta":"","header-above-stick-meta":"","header-main-stick-meta":"","header-below-stick-meta":"","astra-migrate-meta-layouts":"default","ast-page-background-enabled":"default","ast-page-background-meta":{"desktop":{"background-color":"var(--ast-global-color-5)","background-image":"","background-repeat":"repeat","background-position":"center center","background-size":"auto","background-attachment":"scroll","background-type":"","background-media":"","overlay-type":"","overlay-color":"","overlay-opacity":"","overlay-gradient":""},"tablet":{"background-color":"","background-image":"","background-repeat":"repeat","background-position":"center center","background-size":"auto","background-attachment":"scroll","background-type":"","background-media":"","overlay-type":"","overlay-color":"","overlay-opacity":"","overlay-gradient":""},"mobile":{"background-color":"","background-image":"","background-repeat":"repeat","background-position":"center center","background-size":"auto","background-attachment":"scroll","background-type":"","background-media":"","overlay-type":"","overlay-color":"","overlay-opacity":"","overlay-gradient":""}},"ast-content-background-meta":{"desktop":{"background-color":"var(--ast-global-color-4)","background-image":"","background-repeat":"repeat","background-position":"center center","background-size":"auto","background-attachment":"scroll","background-type":"","background-media":"","overlay-type":"","overlay-color":"","overlay-opacity":"","overlay-gradient":""},"tablet":{"background-color":"var(--ast-global-color-4)","background-image":"","background-repeat":"repeat","background-position":"center center","background-size":"auto","background-attachment":"scroll","background-type":"","background-media":"","overlay-type":"","overlay-color":"","overlay-opacity":"","overlay-gradient":""},"mobile":{"background-color":"var(--ast-global-color-4)","background-image":"","background-repeat":"repeat","background-position":"center center","background-size":"auto","background-attachment":"scroll","background-type":"","background-media":"","overlay-type":"","overlay-color":"","overlay-opacity":"","overlay-gradient":""}},"footnotes":""},"class_list":["post-725","page","type-page","status-publish","hentry"],"_links":{"self":[{"href":"https:\/\/gaertnerei-pfisterer.de\/index.php\/wp-json\/wp\/v2\/pages\/725","targetHints":{"allow":["GET"]}}],"collection":[{"href":"https:\/\/gaertnerei-pfisterer.de\/index.php\/wp-json\/wp\/v2\/pages"}],"about":[{"href":"https:\/\/gaertnerei-pfisterer.de\/index.php\/wp-json\/wp\/v2\/types\/page"}],"author":[{"embeddable":true,"href":"https:\/\/gaertnerei-pfisterer.de\/index.php\/wp-json\/wp\/v2\/users\/2"}],"replies":[{"embeddable":true,"href":"https:\/\/gaertnerei-pfisterer.de\/index.php\/wp-json\/wp\/v2\/comments?post=725"}],"version-history":[{"count":20,"href":"https:\/\/gaertnerei-pfisterer.de\/index.php\/wp-json\/wp\/v2\/pages\/725\/revisions"}],"predecessor-version":[{"id":988,"href":"https:\/\/gaertnerei-pfisterer.de\/index.php\/wp-json\/wp\/v2\/pages\/725\/revisions\/988"}],"wp:attachment":[{"href":"https:\/\/gaertnerei-pfisterer.de\/index.php\/wp-json\/wp\/v2\/media?parent=725"}],"curies":[{"name":"wp","href":"https:\/\/api.w.org\/{rel}","templated":true}]}}