{"id":746,"date":"2026-02-20T10:27:19","date_gmt":"2026-02-20T10:27:19","guid":{"rendered":"https:\/\/relaunch.gaertnerei-pfisterer.de\/?page_id=746"},"modified":"2026-03-18T14:31:39","modified_gmt":"2026-03-18T14:31:39","slug":"jahresuebersicht","status":"publish","type":"page","link":"https:\/\/gaertnerei-pfisterer.de\/index.php\/jahresuebersicht\/","title":{"rendered":"Jahres\u00fcbersicht"},"content":{"rendered":"\n<h1 class=\"wp-block-heading\">Jahres\u00fcbersicht<\/h1>\n\n\n\n<div style=\"height:25px\" aria-hidden=\"true\" class=\"wp-block-spacer\"><\/div>\n\n\n\n<h3 class=\"wp-block-heading has-ast-global-color-0-color has-text-color has-link-color wp-elements-f0f930cb86685f5a84587a5482d7ba6e\">Januar<\/h3>\n\n\n\n<hr class=\"wp-block-separator has-text-color has-ast-global-color-0-color has-alpha-channel-opacity has-ast-global-color-0-background-color has-background is-style-wide\"\/>\n\n\n\n<p class=\"has-ast-global-color-5-background-color has-background\">ab dem 29.01.2026 hat unsere G\u00e4rtnerei wieder f\u00fcr Sie ge\u00f6ffnet<\/p>\n\n\n\n<h3 class=\"wp-block-heading has-ast-global-color-0-color has-text-color has-link-color wp-elements-ebbb50d606c4bd3d21eebf1714df2659\">Februar<\/h3>\n\n\n\n<hr class=\"wp-block-separator has-text-color has-ast-global-color-0-color has-alpha-channel-opacity has-ast-global-color-0-background-color has-background is-style-wide\"\/>\n\n\n\n<p style=\"border-style:none;border-width:0px;border-top-left-radius:18px;border-top-right-radius:18px;border-bottom-left-radius:18px;border-bottom-right-radius:18px;font-style:normal;font-weight:700\">Das finden Sie bei uns ab Februar: gepflanzte Gef\u00e4\u00dfe<\/p>\n\n\n\n<p class=\"has-ast-global-color-5-background-color has-background\">am 14.02.2026 ist Valentinstag<br>ab Ende Februar k\u00f6nnen Sie bei uns die ersten Gem\u00fcsejungpflanzen finden<\/p>\n\n\n\n<div style=\"height:15px\" aria-hidden=\"true\" class=\"wp-block-spacer\"><\/div>\n\n\n\n<h3 class=\"wp-block-heading has-ast-global-color-0-color has-text-color has-link-color wp-elements-b0ef5fe4a82c274d78f3cb5b71caffd1\">M\u00e4rz<\/h3>\n\n\n\n<hr class=\"wp-block-separator has-text-color has-ast-global-color-0-color has-alpha-channel-opacity has-ast-global-color-0-background-color has-background is-style-wide\"\/>\n\n\n\n<p style=\"border-top-left-radius:18px;border-top-right-radius:18px;border-bottom-left-radius:18px;border-bottom-right-radius:18px;font-style:normal;font-weight:900\">Das finden Sie bei uns ab M\u00e4rz: Primeln, Viola, Bellis, Ranunkeln, Vergissmeinnicht, Zwiebelgew\u00e4chse<\/p>\n\n\n\n<p class=\"has-ast-global-color-5-background-color has-background\">ab Kalenderwoche 10-12 finden Sie bei uns eine gro\u00dfe Auswahl an Erdbeerpflanzen&nbsp;<\/p>\n\n\n\n<div style=\"height:15px\" aria-hidden=\"true\" class=\"wp-block-spacer\"><\/div>\n\n\n\n<h3 class=\"wp-block-heading has-ast-global-color-0-color has-text-color has-link-color wp-elements-30a97fc58935ff57c552d62234282f3a\">April<\/h3>\n\n\n\n<hr class=\"wp-block-separator has-text-color has-ast-global-color-0-color has-alpha-channel-opacity has-ast-global-color-0-background-color has-background is-style-wide\"\/>\n\n\n\n<p style=\"border-top-left-radius:18px;border-top-right-radius:18px;border-bottom-left-radius:18px;border-bottom-right-radius:18px;font-style:normal;font-weight:700\">Das finden Sie bei uns ab April: Margeriten und Gem\u00fcsejungpflanzen&nbsp;<\/p>\n\n\n\n<p class=\"has-ast-global-color-5-background-color has-background\">ab Kalenderwoche 15\/16 finden Sie bei uns eine gro\u00dfe Auswahl eigenproduzierter Kr\u00e4uter<br>am 05.04.2026 und 06.04.2025 ist Ostern<\/p>\n\n\n\n<div style=\"height:15px\" aria-hidden=\"true\" class=\"wp-block-spacer\"><\/div>\n\n\n\n<h3 class=\"wp-block-heading has-ast-global-color-0-color has-text-color has-link-color wp-elements-948089a304fd4af5fed0c405f652f58b\">Mai<\/h3>\n\n\n\n<hr class=\"wp-block-separator has-text-color has-ast-global-color-0-color has-alpha-channel-opacity has-ast-global-color-0-background-color has-background is-style-wide\"\/>\n\n\n\n<p style=\"border-top-left-radius:18px;border-top-right-radius:18px;border-bottom-left-radius:18px;border-bottom-right-radius:18px;font-style:normal;font-weight:700\">Das finden Sie bei uns ab Mai: Gem\u00fcsejungpflanzen (Tomaten, Paprika, Gurken, uvm.), Beet und Balkonpflanzen und Kr\u00e4uter<\/p>\n\n\n\n<p class=\"has-ast-global-color-5-background-color has-background\">am 10.05.2026 ist Muttertag<\/p>\n\n\n\n<div style=\"height:15px\" aria-hidden=\"true\" class=\"wp-block-spacer\"><\/div>\n\n\n\n<h3 class=\"wp-block-heading has-ast-global-color-0-color has-text-color has-link-color wp-elements-e6ae160efa79a315229a233563ba1bc2\">Juni<\/h3>\n\n\n\n<hr class=\"wp-block-separator has-text-color has-ast-global-color-0-color has-alpha-channel-opacity has-ast-global-color-0-background-color has-background is-style-wide\"\/>\n\n\n\n<p style=\"border-top-left-radius:18px;border-top-right-radius:18px;border-bottom-left-radius:18px;border-bottom-right-radius:18px;font-style:normal;font-weight:700\">Das finden Sie bei uns ab Juni: Solit\u00e4rstauden, Gr\u00e4\u00dfer und Gem\u00fcsejungpflanzen<\/p>\n\n\n\n<p class=\"has-ast-global-color-5-background-color has-background\"><\/p>\n\n\n\n<div style=\"height:15px\" aria-hidden=\"true\" class=\"wp-block-spacer\"><\/div>\n\n\n\n<h3 class=\"wp-block-heading has-ast-global-color-0-color has-text-color has-link-color wp-elements-48fca9653bdbbf4401928a2faa6e69aa\">Juli<\/h3>\n\n\n\n<hr class=\"wp-block-separator has-text-color has-ast-global-color-0-color has-alpha-channel-opacity has-ast-global-color-0-background-color has-background is-style-wide\"\/>\n\n\n\n<p style=\"border-top-left-radius:18px;border-top-right-radius:18px;border-bottom-left-radius:18px;border-bottom-right-radius:18px;font-style:normal;font-weight:700\">Das finden Sie bei uns ab Juli: Solit\u00e4rstauden und Gr\u00e4\u00dfer<\/p>\n\n\n\n<p class=\"has-ast-global-color-5-background-color has-background\"><\/p>\n\n\n\n<div style=\"height:15px\" aria-hidden=\"true\" class=\"wp-block-spacer\"><\/div>\n\n\n\n<h3 class=\"wp-block-heading has-ast-global-color-0-color has-text-color has-link-color wp-elements-a09734537f4c43fbd5e6335a1ff00cd1\">August<\/h3>\n\n\n\n<hr class=\"wp-block-separator has-text-color has-ast-global-color-0-color has-alpha-channel-opacity has-ast-global-color-0-background-color has-background is-style-wide\"\/>\n\n\n\n<p style=\"border-top-left-radius:18px;border-top-right-radius:18px;border-bottom-left-radius:18px;border-bottom-right-radius:18px;font-style:normal;font-weight:700\">Das finden Sie bei uns ab August: Erdbeerpflanzen<\/p>\n\n\n\n<p class=\"has-ast-global-color-5-background-color has-background\">letzte Pflanzungen von Gem\u00fcse&nbsp; <br>in Kalenderwoche 32 machen wir Sommerpause<\/p>\n\n\n\n<div style=\"height:15px\" aria-hidden=\"true\" class=\"wp-block-spacer\"><\/div>\n\n\n\n<h3 class=\"wp-block-heading has-ast-global-color-0-color has-text-color has-link-color wp-elements-edd793499b26222498f934e2245c42d1\">September<\/h3>\n\n\n\n<hr class=\"wp-block-separator has-text-color has-ast-global-color-0-color has-alpha-channel-opacity has-ast-global-color-0-background-color has-background is-style-wide\"\/>\n\n\n\n<p style=\"border-top-left-radius:18px;border-top-right-radius:18px;border-bottom-left-radius:18px;border-bottom-right-radius:18px;font-style:normal;font-weight:700\">Das finden Sie bei uns ab September: Heide und Feldsalatsetzlinge<\/p>\n\n\n\n<p class=\"has-ast-global-color-5-background-color has-background\">letzte Pflanzungen von Gem\u00fcse&nbsp; <br>in Kalenderwoche 32 machen wir Sommerpause<\/p>\n\n\n\n<div style=\"height:15px\" aria-hidden=\"true\" class=\"wp-block-spacer\"><\/div>\n\n\n\n<h3 class=\"wp-block-heading has-ast-global-color-0-color has-text-color has-link-color wp-elements-379f3f3af5614f1040114115b21b3bc7\">Oktober<\/h3>\n\n\n\n<hr class=\"wp-block-separator has-text-color has-ast-global-color-0-color has-alpha-channel-opacity has-ast-global-color-0-background-color has-background is-style-wide\"\/>\n\n\n\n<p style=\"border-top-left-radius:18px;border-top-right-radius:18px;border-bottom-left-radius:18px;border-bottom-right-radius:18px;font-style:normal;font-weight:700\">Das finden Sie bei uns ab Oktober: Viola, Hornveilchen, Heide und Feldsalatsetzlinge<\/p>\n\n\n\n<p class=\"has-ast-global-color-5-background-color has-background\"><\/p>\n\n\n\n<div style=\"height:15px\" aria-hidden=\"true\" class=\"wp-block-spacer\"><\/div>\n\n\n\n<h3 class=\"wp-block-heading has-ast-global-color-0-color has-text-color has-link-color wp-elements-c4150c2a63c439be06b8ed6296889e80\">November<\/h3>\n\n\n\n<hr class=\"wp-block-separator has-text-color has-ast-global-color-0-color has-alpha-channel-opacity has-ast-global-color-0-background-color has-background is-style-wide\"\/>\n\n\n\n<p style=\"border-top-left-radius:18px;border-top-right-radius:18px;border-bottom-left-radius:18px;border-bottom-right-radius:18px;font-style:normal;font-weight:700\"><\/p>\n\n\n\n<p class=\"has-ast-global-color-5-background-color has-background\">am 01.11.2026 ist Allerheiligen<br>Ende November finden unseren Adventstage<\/p>\n\n\n\n<div style=\"height:15px\" aria-hidden=\"true\" class=\"wp-block-spacer\"><\/div>\n\n\n\n<h3 class=\"wp-block-heading has-ast-global-color-0-color has-text-color has-link-color wp-elements-cae54b5bac2ebcb70f40550051ae0616\">Dezember<\/h3>\n\n\n\n<hr class=\"wp-block-separator has-text-color has-ast-global-color-0-color has-alpha-channel-opacity has-ast-global-color-0-background-color has-background is-style-wide\"\/>\n\n\n\n<p class=\"has-ast-global-color-5-background-color has-background\"><\/p>\n\n\n\n<div style=\"height:50px\" aria-hidden=\"true\" class=\"wp-block-spacer\"><\/div>\n","protected":false},"excerpt":{"rendered":"<p>Jahres\u00fcbersicht Januar ab dem 29.01.2026 hat unsere G\u00e4rtnerei wieder f\u00fcr Sie ge\u00f6ffnet Februar Das finden Sie bei uns ab Februar: gepflanzte Gef\u00e4\u00dfe am 14.02.2026 ist Valentinstagab Ende Februar k\u00f6nnen Sie bei uns die ersten Gem\u00fcsejungpflanzen finden M\u00e4rz Das finden Sie bei uns ab M\u00e4rz: Primeln, Viola, Bellis, Ranunkeln, Vergissmeinnicht, Zwiebelgew\u00e4chse ab Kalenderwoche 10-12 finden Sie [&hellip;]<\/p>\n","protected":false},"author":2,"featured_media":0,"parent":0,"menu_order":0,"comment_status":"closed","ping_status":"closed","template":"","meta":{"site-sidebar-layout":"default","site-content-layout":"","ast-site-content-layout":"default","site-content-style":"default","site-sidebar-style":"default","ast-global-header-display":"","ast-banner-title-visibility":"","ast-main-header-display":"","ast-hfb-above-header-display":"","ast-hfb-below-header-display":"","ast-hfb-mobile-header-display":"","site-post-title":"disabled","ast-breadcrumbs-content":"","ast-featured-img":"","footer-sml-layout":"","ast-disable-related-posts":"","theme-transparent-header-meta":"","adv-header-id-meta":"","stick-header-meta":"","header-above-stick-meta":"","header-main-stick-meta":"","header-below-stick-meta":"","astra-migrate-meta-layouts":"default","ast-page-background-enabled":"default","ast-page-background-meta":{"desktop":{"background-color":"var(--ast-global-color-5)","background-image":"","background-repeat":"repeat","background-position":"center center","background-size":"auto","background-attachment":"scroll","background-type":"","background-media":"","overlay-type":"","overlay-color":"","overlay-opacity":"","overlay-gradient":""},"tablet":{"background-color":"","background-image":"","background-repeat":"repeat","background-position":"center center","background-size":"auto","background-attachment":"scroll","background-type":"","background-media":"","overlay-type":"","overlay-color":"","overlay-opacity":"","overlay-gradient":""},"mobile":{"background-color":"","background-image":"","background-repeat":"repeat","background-position":"center center","background-size":"auto","background-attachment":"scroll","background-type":"","background-media":"","overlay-type":"","overlay-color":"","overlay-opacity":"","overlay-gradient":""}},"ast-content-background-meta":{"desktop":{"background-color":"var(--ast-global-color-4)","background-image":"","background-repeat":"repeat","background-position":"center center","background-size":"auto","background-attachment":"scroll","background-type":"","background-media":"","overlay-type":"","overlay-color":"","overlay-opacity":"","overlay-gradient":""},"tablet":{"background-color":"var(--ast-global-color-4)","background-image":"","background-repeat":"repeat","background-position":"center center","background-size":"auto","background-attachment":"scroll","background-type":"","background-media":"","overlay-type":"","overlay-color":"","overlay-opacity":"","overlay-gradient":""},"mobile":{"background-color":"var(--ast-global-color-4)","background-image":"","background-repeat":"repeat","background-position":"center center","background-size":"auto","background-attachment":"scroll","background-type":"","background-media":"","overlay-type":"","overlay-color":"","overlay-opacity":"","overlay-gradient":""}},"footnotes":""},"class_list":["post-746","page","type-page","status-publish","hentry"],"_links":{"self":[{"href":"https:\/\/gaertnerei-pfisterer.de\/index.php\/wp-json\/wp\/v2\/pages\/746","targetHints":{"allow":["GET"]}}],"collection":[{"href":"https:\/\/gaertnerei-pfisterer.de\/index.php\/wp-json\/wp\/v2\/pages"}],"about":[{"href":"https:\/\/gaertnerei-pfisterer.de\/index.php\/wp-json\/wp\/v2\/types\/page"}],"author":[{"embeddable":true,"href":"https:\/\/gaertnerei-pfisterer.de\/index.php\/wp-json\/wp\/v2\/users\/2"}],"replies":[{"embeddable":true,"href":"https:\/\/gaertnerei-pfisterer.de\/index.php\/wp-json\/wp\/v2\/comments?post=746"}],"version-history":[{"count":31,"href":"https:\/\/gaertnerei-pfisterer.de\/index.php\/wp-json\/wp\/v2\/pages\/746\/revisions"}],"predecessor-version":[{"id":928,"href":"https:\/\/gaertnerei-pfisterer.de\/index.php\/wp-json\/wp\/v2\/pages\/746\/revisions\/928"}],"wp:attachment":[{"href":"https:\/\/gaertnerei-pfisterer.de\/index.php\/wp-json\/wp\/v2\/media?parent=746"}],"curies":[{"name":"wp","href":"https:\/\/api.w.org\/{rel}","templated":true}]}}