{"id":78,"date":"2026-01-21T15:42:39","date_gmt":"2026-01-21T15:42:39","guid":{"rendered":"https:\/\/relaunch.gaertnerei-pfisterer.de\/?page_id=78"},"modified":"2026-03-25T09:37:34","modified_gmt":"2026-03-25T09:37:34","slug":"datenschutzerklaerung","status":"publish","type":"page","link":"https:\/\/gaertnerei-pfisterer.de\/index.php\/datenschutzerklaerung\/","title":{"rendered":"Datenschutzerkl\u00e4rung"},"content":{"rendered":"\n<div class=\"wp-block-columns is-layout-flex wp-container-core-columns-is-layout-1ec2ec05 wp-block-columns-is-layout-flex\" style=\"margin-top:0;margin-bottom:0;padding-top:0;padding-right:0;padding-bottom:0;padding-left:0\">\n<div class=\"wp-block-column is-layout-flow wp-block-column-is-layout-flow\" style=\"flex-basis:20%\"><\/div>\n\n\n\n<div class=\"wp-block-column is-layout-flow wp-block-column-is-layout-flow\" style=\"flex-basis:60%\">\n<h1 class=\"wp-block-heading\">Datenschutzerkl\u00e4rung<\/h1>\n\n\n\n<hr class=\"wp-block-separator has-text-color has-ast-global-color-2-color has-alpha-channel-opacity has-ast-global-color-2-background-color has-background is-style-wide\"\/>\n\n\n\n<p>Wir nehmen den Schutz Ihrer pers\u00f6nlichen Daten sehr ernst. Die Verarbeitung Ihrer Daten erfolgt gem\u00e4\u00df den geltenden Datenschutzvorschriften, insbesondere der Datenschutz-Grundverordnung (DSGVO) und dem Telekommunikation-Digitale-Dienste-Datenschutz-Gesetz (TDDDG).<\/p>\n\n\n\n<h3 class=\"wp-block-heading\"><strong>1. Verantwortliche Stelle<\/strong><\/h3>\n\n\n\n<p>Die verantwortliche Stelle f\u00fcr die Datenverarbeitung auf dieser Website ist:<\/p>\n\n\n\n<p><strong>G\u00e4rtnerei Pfisterer\u00a0<\/strong><\/p>\n\n\n\n<p>Inhaberin: Annette Pfisterer<br>Hebelstra\u00dfe 11<br>69214 Eppelheim<\/p>\n\n\n\n<p>Telefon: +49 6221 760149<br>E-Mail:&nbsp;info@gaertnerei-pfisterer.de<\/p>\n\n\n\n<div style=\"height:15px\" aria-hidden=\"true\" class=\"wp-block-spacer\"><\/div>\n\n\n\n<h3 class=\"wp-block-heading\">2. <strong>Allgemeine Hinweise<\/strong> zur Datenschutzerkl\u00e4rung<\/h3>\n\n\n\n<p>Personenbezogene Daten sind alle Daten, mit denen Sie pers\u00f6nlich identifiziert werden k\u00f6nnen. <\/p>\n\n\n\n<p>Wir verarbeiten personenbezogene Daten nur, soweit dies zur Bereitstellung einer funktionsf\u00e4higen Website sowie unserer Inhalte und Leistungen erforderlich ist.<\/p>\n\n\n\n<div style=\"height:15px\" aria-hidden=\"true\" class=\"wp-block-spacer\"><\/div>\n\n\n\n<h3 class=\"wp-block-heading\">3. <strong>Datenerfassung auf dieser Website<\/strong><\/h3>\n\n\n\n<p><strong>Server-Log-Dateien<\/strong><br>Der Server auf dem diese Website betrieben wird, erfasst und speichert automatisch Informationen in sogenannten Server-Log-Dateien, die Ihr Browser automatisch \u00fcbermittelt.<\/p>\n\n\n\n<p>Dazu geh\u00f6ren:<br>\u2022 Browsertyp und Browserversion<br>\u2022 verwendetes Betriebssystem<br>\u2022 Referrer-URL<br>\u2022 Hostname des zugreifenden Rechners<br>\u2022 Uhrzeit der Serveranfrage<br>\u2022 IP-Adresse<\/p>\n\n\n\n<p>Diese Daten werden nicht mit anderen Datenquellen zusammengef\u00fchrt und dienen ausschlie\u00dflich der technischen Sicherheit und Betrieb der Website.<\/p>\n\n\n\n<p>Die Erfassung erfolgt auf Grundlagen von Art. 6 Abs. 1 lit. f DSGVO.<\/p>\n\n\n\n<div style=\"height:10px\" aria-hidden=\"true\" class=\"wp-block-spacer\"><\/div>\n\n\n\n<p><strong>Kontaktformular (WPForms)<\/strong><br>Wenn Sie uns \u00fcber das Kontaktformular Anfragen senden, werden Ihre Angaben inklusive der von Ihnen angegeben Kontaktdaten gespeichert um Ihre Anfrage zu bearbeiten.<\/p>\n\n\n\n<p>Die Daten verbleiben bei uns, bis der Zweck der Speicherung entf\u00e4llt, oder Sie die L\u00f6schung verlangen.<\/p>\n\n\n\n<p>Die Verarbeitung erfolgt auf der Grundlage von Art. 6 Abs. 1 lit. b DSGVO (Vertrag\/Anfrage) oder Art. 6 1 lit. f DSGVO (berechtigtes Interesse an der Bearbeitung von Anfragen).<\/p>\n\n\n\n<div style=\"height:10px\" aria-hidden=\"true\" class=\"wp-block-spacer\"><\/div>\n\n\n\n<p><strong>Anfragen per E-Mail oder Telefon<\/strong><br>Wenn Sie uns per E-Mail oder telefonisch kontaktieren, werden Ihre Angaben zur Bearbeitung Ihrer Anfrage gespeichert. Die Daten werden nur so lange aufbewahrt, wie es zur Bearbeitung notwendig ist.<\/p>\n\n\n\n<div style=\"height:15px\" aria-hidden=\"true\" class=\"wp-block-spacer\"><\/div>\n\n\n\n<h3 class=\"wp-block-heading\"><strong>4. Cookies<\/strong> und Einwilligungsmanagement<\/h3>\n\n\n\n<p>Unsere Website verwendet Cookies.<\/p>\n\n\n\n<p>Cookies sind kleine Textdateien, die auf  Ihrem Endger\u00e4t gespeichert werden. Einige Cookies sind technisch notwendig, andere dienen der Optimierung der Website.<\/p>\n\n\n\n<p>Die Speicherung technisch notwendiger Cookies erfolgt auf Grundlage von Art. 6 Abs. 1 lit. f DSGVO.<\/p>\n\n\n\n<p>Alle weiteren Cookies (z.B. f\u00fcr externe Inhalte wie Google Maps) werden nur nach Ihrer ausdr\u00fccklichen Einwilligung gesetzt. Die Verarbeitung erfolgt in diesem Fall auf Grundlage von Art. 6 Abs. 1 lit. a DSGVO sowie \u00a725 Abs. 1 TDDDG.<\/p>\n\n\n\n<p>Zur Verwaltung Ihrer Einwilligungen nutzen wir ein Cookie-Consent-Tool. Dabei werden folgende Daten verarbeitet:<\/p>\n\n\n\n<p>\u2022 Einwilligungsstatus<br>\u2022 Zeitpunkt der Entscheidung<br>\u2022 Browserinformationen<br>\u2022 IP-Adresse (gek\u00fcrzt)<\/p>\n\n\n\n<p>Die Verarbeitung erfolgt zur Erf\u00fcllung rechtlicher Verpflichtungen gem\u00e4\u00df Art. 6 Abs. 1 lit. c DSGVO sowie auf Grundlage von Art. 6 Abs. 1 lit. f DSGVO.<\/p>\n\n\n\n<div style=\"height:15px\" aria-hidden=\"true\" class=\"wp-block-spacer\"><\/div>\n\n\n\n<h3 class=\"wp-block-heading\">5<strong>. Hosting<\/strong><\/h3>\n\n\n\n<p>Diese Website wird auf Servern von:<\/p>\n\n\n\n<p><strong>Holger Strunk<\/strong><br>Bergstra\u00dfe 7\/1<br>69351 Gaiberg<br>Telefon: +49 151 21255486<br>E-Mail: holger@strunk.info<\/p>\n\n\n\n<p>gehostet.<\/p>\n\n\n\n<p>Im Rahmen der Nutzung dieser Website k\u00f6nnen Daten wie IP-Adressen, Kontaktanfragen oder Zugriffsdaten gespeichert werden.<\/p>\n\n\n\n<p>Die Verarbeitung erfolgt auf Grundlage von Art. 6 Abs. 1 lit. f DSGVO.<\/p>\n\n\n\n<div style=\"height:15px\" aria-hidden=\"true\" class=\"wp-block-spacer\"><\/div>\n\n\n\n<h3 class=\"wp-block-heading\">6. Google Maps<\/h3>\n\n\n\n<p>Diese Website nutzt den Kartendienst Google Maps. Anbieter ist <strong>Google Ireland Limited, Gordon House, Barrow Street Dublin 4, Irland<\/strong>.<\/p>\n\n\n\n<p>Die Einbindung erfolgt erst nach Ihrer ausdr\u00fccklicher Einwilligung (durch Anklicken eines Buttons).<\/p>\n\n\n\n<p>Erst nach Aktivierung wird eine Verbindung zu den Servern von Google hergestellt.<br>Dabei wird Ihre IP-Adresse \u00fcbermittelt.<\/p>\n\n\n\n<p>Die Nutzung erfolgt auf Grundlagen Ihrer Einwilligung gem\u00e4\u00df Art. 6 Abs. 1 lit. a DSGVO und \u00a725 TDDDG. <\/p>\n\n\n\n<p>Weitere Informationen:<br><a href=\"https:\/\/policies.google.com\/privacy\" target=\"_blank\" rel=\"noreferrer noopener\"><strong>Google Datenschutz<\/strong><\/a><\/p>\n\n\n\n<div style=\"height:15px\" aria-hidden=\"true\" class=\"wp-block-spacer\"><\/div>\n\n\n\n<h3 class=\"wp-block-heading\">7. Verlinkungen zu sozialen Netzwerken<\/h3>\n\n\n\n<p>Auf dieser Website befinden sich Links zu den sozialen Netzwerken Facebook und Instagram.<\/p>\n\n\n\n<p>Beim Anklicken dieser Links werden Sie auf die jeweilige externe Plattform weitergeleitet. Dabei k\u00f6nnen personenbezogene Daten (z.B. Ihre IP-Adresse) an die Betreiber \u00fcbermittelt werden.<\/p>\n\n\n\n<p>Weitere Informationen:<br><a href=\"https:\/\/www.facebook.com\/privacy\/policy\/\" target=\"_blank\" rel=\"noreferrer noopener\"><strong>Facebook Datenschutz<\/strong><\/a><br><a href=\"https:\/\/www.privacycenter.instagram.com\/policy\/\" target=\"_blank\" rel=\"noreferrer noopener\"><strong>Instagram Datenschutz<\/strong><\/a><\/p>\n\n\n\n<div style=\"height:15px\" aria-hidden=\"true\" class=\"wp-block-spacer\"><\/div>\n\n\n\n<h3 class=\"wp-block-heading\">8. SSL- bzw. TLS-Verschl\u00fcsselung<\/h3>\n\n\n\n<p>Die \u00dcbertragung von Daten erfolgt verschl\u00fcsselt \u00fcber SSL bzw. TLS, um unbefugten Zugriff zu verhindern.<\/p>\n\n\n\n<div style=\"height:15px\" aria-hidden=\"true\" class=\"wp-block-spacer\"><\/div>\n\n\n\n<h3 class=\"wp-block-heading\">9. Ihre Rechte<\/h3>\n\n\n\n<p>Sie haben das Recht auf:<br>\u2022 Auskunft \u00fcber die gespeicherten personenbezogenen Daten<br>\u2022 Berichtigung unkorrekter Daten<br>\u2022 L\u00f6schung Ihrer Daten<br>\u2022 Einschr\u00e4nkung der Verarbeitung<br>\u2022 Daten\u00fcbertragbarkeit <br>\u2022 Beschwerde bei der zust\u00e4ndigen Aufsichtsbeh\u00f6rde<\/p>\n\n\n\n<p><strong>Zust\u00e4ndige Aufsichtsbeh\u00f6rde:<\/strong><\/p>\n\n\n\n<p style=\"text-decoration:underline\"><a href=\"https:\/\/www.baden-wuerttemberg.datenschutz.de\" target=\"_blank\" rel=\"noreferrer noopener\">Der Landesbeauftragte f\u00fcr Datenschutz und die Informationsfreiheit Baden-W\u00fcrttemberg<\/a><\/p>\n\n\n\n<div style=\"height:15px\" aria-hidden=\"true\" class=\"wp-block-spacer\"><\/div>\n\n\n\n<h3 class=\"wp-block-heading\">10. Widerruf Ihrer Einwilligung<\/h3>\n\n\n\n<p>Erteilte Einwilligungen (z.B. f\u00fcr Cookies) k\u00f6nnen Sie jederzeit widerrufen. Dies kann \u00fcber das Consent-Tool oder per E-Mail an <strong>info@gaertnerei-pfisterer.de<\/strong> erfolgen.<\/p>\n<\/div>\n\n\n\n<div class=\"wp-block-column is-layout-flow wp-block-column-is-layout-flow\" style=\"flex-basis:20%\"><\/div>\n<\/div>\n\n\n\n<p><\/p>\n","protected":false},"excerpt":{"rendered":"<p>Datenschutzerkl\u00e4rung Wir nehmen den Schutz Ihrer pers\u00f6nlichen Daten sehr ernst. Die Verarbeitung Ihrer Daten erfolgt gem\u00e4\u00df den geltenden Datenschutzvorschriften, insbesondere der Datenschutz-Grundverordnung (DSGVO) und dem Telekommunikation-Digitale-Dienste-Datenschutz-Gesetz (TDDDG). 1. Verantwortliche Stelle Die verantwortliche Stelle f\u00fcr die Datenverarbeitung auf dieser Website ist: G\u00e4rtnerei Pfisterer\u00a0 Inhaberin: Annette PfistererHebelstra\u00dfe 1169214 Eppelheim Telefon: +49 6221 760149E-Mail:&nbsp;info@gaertnerei-pfisterer.de 2. Allgemeine Hinweise zur [&hellip;]<\/p>\n","protected":false},"author":2,"featured_media":0,"parent":0,"menu_order":0,"comment_status":"closed","ping_status":"closed","template":"","meta":{"site-sidebar-layout":"default","site-content-layout":"","ast-site-content-layout":"default","site-content-style":"default","site-sidebar-style":"default","ast-global-header-display":"","ast-banner-title-visibility":"","ast-main-header-display":"","ast-hfb-above-header-display":"","ast-hfb-below-header-display":"","ast-hfb-mobile-header-display":"","site-post-title":"disabled","ast-breadcrumbs-content":"","ast-featured-img":"","footer-sml-layout":"","ast-disable-related-posts":"","theme-transparent-header-meta":"","adv-header-id-meta":"","stick-header-meta":"","header-above-stick-meta":"","header-main-stick-meta":"","header-below-stick-meta":"","astra-migrate-meta-layouts":"default","ast-page-background-enabled":"default","ast-page-background-meta":{"desktop":{"background-color":"var(--ast-global-color-5)","background-image":"","background-repeat":"repeat","background-position":"center center","background-size":"auto","background-attachment":"scroll","background-type":"","background-media":"","overlay-type":"","overlay-color":"","overlay-opacity":"","overlay-gradient":""},"tablet":{"background-color":"","background-image":"","background-repeat":"repeat","background-position":"center center","background-size":"auto","background-attachment":"scroll","background-type":"","background-media":"","overlay-type":"","overlay-color":"","overlay-opacity":"","overlay-gradient":""},"mobile":{"background-color":"","background-image":"","background-repeat":"repeat","background-position":"center center","background-size":"auto","background-attachment":"scroll","background-type":"","background-media":"","overlay-type":"","overlay-color":"","overlay-opacity":"","overlay-gradient":""}},"ast-content-background-meta":{"desktop":{"background-color":"var(--ast-global-color-4)","background-image":"","background-repeat":"repeat","background-position":"center center","background-size":"auto","background-attachment":"scroll","background-type":"","background-media":"","overlay-type":"","overlay-color":"","overlay-opacity":"","overlay-gradient":""},"tablet":{"background-color":"var(--ast-global-color-4)","background-image":"","background-repeat":"repeat","background-position":"center center","background-size":"auto","background-attachment":"scroll","background-type":"","background-media":"","overlay-type":"","overlay-color":"","overlay-opacity":"","overlay-gradient":""},"mobile":{"background-color":"var(--ast-global-color-4)","background-image":"","background-repeat":"repeat","background-position":"center center","background-size":"auto","background-attachment":"scroll","background-type":"","background-media":"","overlay-type":"","overlay-color":"","overlay-opacity":"","overlay-gradient":""}},"footnotes":""},"class_list":["post-78","page","type-page","status-publish","hentry"],"_links":{"self":[{"href":"https:\/\/gaertnerei-pfisterer.de\/index.php\/wp-json\/wp\/v2\/pages\/78","targetHints":{"allow":["GET"]}}],"collection":[{"href":"https:\/\/gaertnerei-pfisterer.de\/index.php\/wp-json\/wp\/v2\/pages"}],"about":[{"href":"https:\/\/gaertnerei-pfisterer.de\/index.php\/wp-json\/wp\/v2\/types\/page"}],"author":[{"embeddable":true,"href":"https:\/\/gaertnerei-pfisterer.de\/index.php\/wp-json\/wp\/v2\/users\/2"}],"replies":[{"embeddable":true,"href":"https:\/\/gaertnerei-pfisterer.de\/index.php\/wp-json\/wp\/v2\/comments?post=78"}],"version-history":[{"count":2,"href":"https:\/\/gaertnerei-pfisterer.de\/index.php\/wp-json\/wp\/v2\/pages\/78\/revisions"}],"predecessor-version":[{"id":1025,"href":"https:\/\/gaertnerei-pfisterer.de\/index.php\/wp-json\/wp\/v2\/pages\/78\/revisions\/1025"}],"wp:attachment":[{"href":"https:\/\/gaertnerei-pfisterer.de\/index.php\/wp-json\/wp\/v2\/media?parent=78"}],"curies":[{"name":"wp","href":"https:\/\/api.w.org\/{rel}","templated":true}]}}