{"id":9,"date":"2026-01-21T14:51:54","date_gmt":"2026-01-21T14:51:54","guid":{"rendered":"https:\/\/relaunch.gaertnerei-pfisterer.de\/?page_id=9"},"modified":"2026-02-13T14:36:03","modified_gmt":"2026-02-13T14:36:03","slug":"start","status":"publish","type":"page","link":"https:\/\/gaertnerei-pfisterer.de\/","title":{"rendered":"Willkommen"},"content":{"rendered":"\n<div style=\"height:100px\" aria-hidden=\"true\" class=\"wp-block-spacer\"><\/div>\n\n\n\n<h1 class=\"wp-block-heading has-text-align-center\" style=\"font-style:normal;font-weight:300\">Wir freuen uns auf Ihren Besuch in unserer<br>familiengef\u00fchrten G\u00e4rtnerei.<\/h1>\n\n\n\n<div style=\"height:25px\" aria-hidden=\"true\" class=\"wp-block-spacer\"><\/div>\n\n\n\n<div class=\"alignnormal\"><div id=\"metaslider-id-366\" style=\"width: 100%;\" class=\"ml-slider-3-108-0 metaslider metaslider-flex metaslider-366 ml-slider has-dots-nav ms-theme-default-base\" role=\"region\" aria-label=\"Startseite\" data-height=\"850\" data-width=\"1500\">\n    <div id=\"metaslider_container_366\">\n        <div id=\"metaslider_366\">\n            <ul aria-live='off' class='slides'>\n                <li style=\"display: block; width: 100%;\" class=\"slide-367 ms-image \" aria-roledescription=\"slide\" data-date=\"2026-02-04 15:09:12\" data-filename=\"20240503_101124-scaled-1500x850.jpg\" data-slide-type=\"image\"><img loading=\"lazy\" decoding=\"async\" src=\"https:\/\/gaertnerei-pfisterer.de\/wp-content\/uploads\/2026\/02\/20240503_101124-scaled-1500x850.jpg\" height=\"850\" width=\"1500\" alt=\"\" class=\"slider-366 slide-367 msDefaultImage\" title=\"20240503_101124\" \/><\/li>\n                <li style=\"display: none; width: 100%;\" class=\"slide-368 ms-image \" aria-roledescription=\"slide\" data-date=\"2026-02-04 15:09:12\" data-filename=\"20240503_102443-scaled-1500x850.jpg\" data-slide-type=\"image\"><img loading=\"lazy\" decoding=\"async\" src=\"https:\/\/gaertnerei-pfisterer.de\/wp-content\/uploads\/2026\/02\/20240503_102443-scaled-1500x850.jpg\" height=\"850\" width=\"1500\" alt=\"\" class=\"slider-366 slide-368 msDefaultImage\" title=\"20240503_102443\" \/><\/li>\n                <li style=\"display: none; width: 100%;\" class=\"slide-369 ms-image \" aria-roledescription=\"slide\" data-date=\"2026-02-04 15:09:12\" data-filename=\"20240503_094143-scaled-1500x850.jpg\" data-slide-type=\"image\"><img loading=\"lazy\" decoding=\"async\" src=\"https:\/\/gaertnerei-pfisterer.de\/wp-content\/uploads\/2026\/02\/20240503_094143-scaled-1500x850.jpg\" height=\"850\" width=\"1500\" alt=\"\" class=\"slider-366 slide-369 msDefaultImage\" title=\"20240503_094143\" \/><\/li>\n                <li style=\"display: none; width: 100%;\" class=\"slide-370 ms-image \" aria-roledescription=\"slide\" data-date=\"2026-02-04 15:09:12\" data-filename=\"20240503_092911-scaled-1500x850.jpg\" data-slide-type=\"image\"><img loading=\"lazy\" decoding=\"async\" src=\"https:\/\/gaertnerei-pfisterer.de\/wp-content\/uploads\/2026\/02\/20240503_092911-scaled-1500x850.jpg\" height=\"850\" width=\"1500\" alt=\"\" class=\"slider-366 slide-370 msDefaultImage\" title=\"20240503_092911\" \/><\/li>\n                <li style=\"display: none; width: 100%;\" class=\"slide-371 ms-image \" aria-roledescription=\"slide\" data-date=\"2026-02-04 15:09:12\" data-filename=\"20240503_102645-scaled-1500x850.jpg\" data-slide-type=\"image\"><img loading=\"lazy\" decoding=\"async\" src=\"https:\/\/gaertnerei-pfisterer.de\/wp-content\/uploads\/2026\/02\/20240503_102645-scaled-1500x850.jpg\" height=\"850\" width=\"1500\" alt=\"\" class=\"slider-366 slide-371 msDefaultImage\" title=\"20240503_102645\" \/><\/li>\n                <li style=\"display: none; width: 100%;\" class=\"slide-372 ms-image \" aria-roledescription=\"slide\" data-date=\"2026-02-04 15:09:12\" data-filename=\"20240503_092934-scaled-1500x850.jpg\" data-slide-type=\"image\"><img loading=\"lazy\" decoding=\"async\" src=\"https:\/\/gaertnerei-pfisterer.de\/wp-content\/uploads\/2026\/02\/20240503_092934-scaled-1500x850.jpg\" height=\"850\" width=\"1500\" alt=\"\" class=\"slider-366 slide-372 msDefaultImage\" title=\"20240503_092934\" \/><\/li>\n                <li style=\"display: none; width: 100%;\" class=\"slide-373 ms-image \" aria-roledescription=\"slide\" data-date=\"2026-02-04 15:09:13\" data-filename=\"20240503_101102-scaled-1500x850.jpg\" data-slide-type=\"image\"><img loading=\"lazy\" decoding=\"async\" src=\"https:\/\/gaertnerei-pfisterer.de\/wp-content\/uploads\/2026\/02\/20240503_101102-scaled-1500x850.jpg\" height=\"850\" width=\"1500\" alt=\"\" class=\"slider-366 slide-373 msDefaultImage\" title=\"20240503_101102\" \/><\/li>\n                <li style=\"display: none; width: 100%;\" class=\"slide-374 ms-image \" aria-roledescription=\"slide\" data-date=\"2026-02-04 15:09:13\" data-filename=\"20240503_095059-scaled-1500x850.jpg\" data-slide-type=\"image\"><img loading=\"lazy\" decoding=\"async\" src=\"https:\/\/gaertnerei-pfisterer.de\/wp-content\/uploads\/2026\/02\/20240503_095059-scaled-1500x850.jpg\" height=\"850\" width=\"1500\" alt=\"\" class=\"slider-366 slide-374 msDefaultImage\" title=\"20240503_095059\" \/><\/li>\n                <li style=\"display: none; width: 100%;\" class=\"slide-375 ms-image \" aria-roledescription=\"slide\" data-date=\"2026-02-04 15:09:13\" data-filename=\"20240503_101559-1-scaled-1500x850.jpg\" data-slide-type=\"image\"><img loading=\"lazy\" decoding=\"async\" src=\"https:\/\/gaertnerei-pfisterer.de\/wp-content\/uploads\/2026\/02\/20240503_101559-1-scaled-1500x850.jpg\" height=\"850\" width=\"1500\" alt=\"\" class=\"slider-366 slide-375 msDefaultImage\" title=\"20240503_101559\" \/><\/li>\n                <li style=\"display: none; width: 100%;\" class=\"slide-376 ms-image \" aria-roledescription=\"slide\" data-date=\"2026-02-04 15:09:13\" data-filename=\"20240503_102428-scaled-1500x850.jpg\" data-slide-type=\"image\"><img loading=\"lazy\" decoding=\"async\" src=\"https:\/\/gaertnerei-pfisterer.de\/wp-content\/uploads\/2026\/02\/20240503_102428-scaled-1500x850.jpg\" height=\"850\" width=\"1500\" alt=\"\" class=\"slider-366 slide-376 msDefaultImage\" title=\"20240503_102428\" \/><\/li>\n            <\/ul>\n        <\/div>\n        \n    <\/div>\n<\/div><\/div>\n\n\n\n<div style=\"height:50px\" aria-hidden=\"true\" class=\"wp-block-spacer\"><\/div>\n\n\n\n<h3 class=\"wp-block-heading alignfull has-text-align-center\">Regional. Saisonal. Pers\u00f6nlich. <\/h3>\n\n\n\n<p class=\"has-text-align-center has-medium-font-size\">Wir verbinden Pflanzenvielfalt, floristische Arbeiten und einen regionalen Hofladen an einem Ort. Unser Betrieb steht f\u00fcr Regionalit\u00e4t und saisonale Angebote.<\/p>\n\n\n\n<p class=\"has-text-align-center has-link-color has-medium-font-size wp-elements-eac00798bca904a25a88f164445efd9f\">In der <a href=\"https:\/\/gaertnerei-pfisterer.de\/index.php\/gaertnerei\/\" data-type=\"page\" data-id=\"27\">G\u00e4rtnerei<\/a> finden Sie wechselnde Pflanzensortimente f\u00fcr Innen- und Au\u00dfenbereiche. Der <a href=\"https:\/\/gaertnerei-pfisterer.de\/index.php\/hofladen\/\" data-type=\"page\" data-id=\"30\">Hofladen<\/a> erg\u00e4nzt das Angebot mit frischen Lebensmitteln und ausgew\u00e4hlten regionalen Produkte. Dabei legen wir Wert auf Herkunft, Qualit\u00e4t und kurze Wege.<\/p>\n\n\n\n<p><\/p>\n","protected":false},"excerpt":{"rendered":"<p>Wir freuen uns auf Ihren Besuch in unsererfamiliengef\u00fchrten G\u00e4rtnerei. Regional. Saisonal. Pers\u00f6nlich. Wir verbinden Pflanzenvielfalt, floristische Arbeiten und einen regionalen Hofladen an einem Ort. Unser Betrieb steht f\u00fcr Regionalit\u00e4t und saisonale Angebote. In der G\u00e4rtnerei finden Sie wechselnde Pflanzensortimente f\u00fcr Innen- und Au\u00dfenbereiche. Der Hofladen erg\u00e4nzt das Angebot mit frischen Lebensmitteln und ausgew\u00e4hlten regionalen Produkte. [&hellip;]<\/p>\n","protected":false},"author":2,"featured_media":0,"parent":0,"menu_order":0,"comment_status":"closed","ping_status":"closed","template":"","meta":{"site-sidebar-layout":"no-sidebar","site-content-layout":"plain-container","ast-site-content-layout":"default","site-content-style":"default","site-sidebar-style":"default","ast-global-header-display":"","ast-banner-title-visibility":"","ast-main-header-display":"","ast-hfb-above-header-display":"","ast-hfb-below-header-display":"","ast-hfb-mobile-header-display":"","site-post-title":"disabled","ast-breadcrumbs-content":"","ast-featured-img":"","footer-sml-layout":"","ast-disable-related-posts":"","theme-transparent-header-meta":"enabled","adv-header-id-meta":"","stick-header-meta":"","header-above-stick-meta":"","header-main-stick-meta":"","header-below-stick-meta":"","astra-migrate-meta-layouts":"default","ast-page-background-enabled":"default","ast-page-background-meta":{"desktop":{"background-color":"var(--ast-global-color-5)","background-image":"","background-repeat":"repeat","background-position":"center center","background-size":"auto","background-attachment":"scroll","background-type":"","background-media":"","overlay-type":"","overlay-color":"","overlay-opacity":"","overlay-gradient":""},"tablet":{"background-color":"","background-image":"","background-repeat":"repeat","background-position":"center center","background-size":"auto","background-attachment":"scroll","background-type":"","background-media":"","overlay-type":"","overlay-color":"","overlay-opacity":"","overlay-gradient":""},"mobile":{"background-color":"","background-image":"","background-repeat":"repeat","background-position":"center center","background-size":"auto","background-attachment":"scroll","background-type":"","background-media":"","overlay-type":"","overlay-color":"","overlay-opacity":"","overlay-gradient":""}},"ast-content-background-meta":{"desktop":{"background-color":"var(--ast-global-color-4)","background-image":"","background-repeat":"repeat","background-position":"center center","background-size":"auto","background-attachment":"scroll","background-type":"","background-media":"","overlay-type":"","overlay-color":"","overlay-opacity":"","overlay-gradient":""},"tablet":{"background-color":"var(--ast-global-color-4)","background-image":"","background-repeat":"repeat","background-position":"center center","background-size":"auto","background-attachment":"scroll","background-type":"","background-media":"","overlay-type":"","overlay-color":"","overlay-opacity":"","overlay-gradient":""},"mobile":{"background-color":"var(--ast-global-color-4)","background-image":"","background-repeat":"repeat","background-position":"center center","background-size":"auto","background-attachment":"scroll","background-type":"","background-media":"","overlay-type":"","overlay-color":"","overlay-opacity":"","overlay-gradient":""}},"footnotes":""},"class_list":["post-9","page","type-page","status-publish","hentry"],"_links":{"self":[{"href":"https:\/\/gaertnerei-pfisterer.de\/index.php\/wp-json\/wp\/v2\/pages\/9","targetHints":{"allow":["GET"]}}],"collection":[{"href":"https:\/\/gaertnerei-pfisterer.de\/index.php\/wp-json\/wp\/v2\/pages"}],"about":[{"href":"https:\/\/gaertnerei-pfisterer.de\/index.php\/wp-json\/wp\/v2\/types\/page"}],"author":[{"embeddable":true,"href":"https:\/\/gaertnerei-pfisterer.de\/index.php\/wp-json\/wp\/v2\/users\/2"}],"replies":[{"embeddable":true,"href":"https:\/\/gaertnerei-pfisterer.de\/index.php\/wp-json\/wp\/v2\/comments?post=9"}],"version-history":[{"count":39,"href":"https:\/\/gaertnerei-pfisterer.de\/index.php\/wp-json\/wp\/v2\/pages\/9\/revisions"}],"predecessor-version":[{"id":630,"href":"https:\/\/gaertnerei-pfisterer.de\/index.php\/wp-json\/wp\/v2\/pages\/9\/revisions\/630"}],"wp:attachment":[{"href":"https:\/\/gaertnerei-pfisterer.de\/index.php\/wp-json\/wp\/v2\/media?parent=9"}],"curies":[{"name":"wp","href":"https:\/\/api.w.org\/{rel}","templated":true}]}}